{"id":34,"date":"2013-04-03T19:00:00","date_gmt":"2013-04-03T19:00:00","guid":{"rendered":"http:\/\/spss.wp.xpkode.com\/?page_id=34"},"modified":"2013-07-10T23:26:46","modified_gmt":"2013-07-10T22:26:46","slug":"apoio-estatistico","status":"publish","type":"page","link":"http:\/\/www.dicas-spss.com\/?page_id=34","title":{"rendered":"Apoio Estat\u00edstico"},"content":{"rendered":"<p>Se tem d\u00favidas em utilizar o SPSS, n\u00e3o hesite em contactar-nos.<\/p>\n<p>Fornecemos apoio estat\u00edstico, com o SPSS, na elabora\u00e7\u00e3o de trabalhos acad\u00e9micos, em teses de licenciatura, mestrado e doutoramento.<\/p>\n<p>Envie-nos a seguinte informa\u00e7\u00e3o e enviamos-lhe um or\u00e7amento e prazo de execu\u00e7\u00e3o, para o email: <img loading=\"lazy\" decoding=\"async\" class=\"alignnone size-full wp-image-240\" style=\"vertical-align: bottom;\" alt=\"\" src=\"http:\/\/spss.wp.w3.pt\/wp-content\/uploads\/sites\/4\/2013\/04\/teresa.jpg\" width=\"212\" height=\"19\" \/><\/p>\n<ul>\n<li>O tema do trabalho<\/li>\n<li>O objetivo do estudo<\/li>\n<li>O question\u00e1rio ou inqu\u00e9rito que utilizou<\/li>\n<li>A estat\u00edstica a utilizar (caso j\u00e1 esteja definida)<\/li>\n<li>A quantidade de inqu\u00e9ritos (caso j\u00e1 tenha sido definida)<\/li>\n<li>A quantidade de quest\u00f5es (caso j\u00e1 tenha sido definida)<\/li>\n<li>Se os inqu\u00e9ritos j\u00e1 foram realizados e os dados j\u00e1 est\u00e3o inseridos em computador (no SPSS, no EXCEL, no ACCESS, ou outro qualquer programa que permita o armazenamento dos dados)<\/li>\n<li>Se pretende ajuda na escolha da estat\u00edstica e na elabora\u00e7\u00e3o do inqu\u00e9rito<\/li>\n<\/ul>\n","protected":false},"excerpt":{"rendered":"<p>Se tem d\u00favidas em utilizar o SPSS, n\u00e3o hesite em contactar-nos. Fornecemos apoio estat\u00edstico, com o SPSS, na elabora\u00e7\u00e3o de trabalhos acad\u00e9micos, em teses de licenciatura, mestrado e doutoramento. Envie-nos a seguinte informa\u00e7\u00e3o e enviamos-lhe um or\u00e7amento e prazo de execu\u00e7\u00e3o, para o email: O tema do trabalho O objetivo do estudo O question\u00e1rio ou [&hellip;]<\/p>\n","protected":false},"author":1,"featured_media":0,"parent":0,"menu_order":0,"comment_status":"open","ping_status":"open","template":"","meta":{"footnotes":""},"_links":{"self":[{"href":"http:\/\/www.dicas-spss.com\/index.php?rest_route=\/wp\/v2\/pages\/34"}],"collection":[{"href":"http:\/\/www.dicas-spss.com\/index.php?rest_route=\/wp\/v2\/pages"}],"about":[{"href":"http:\/\/www.dicas-spss.com\/index.php?rest_route=\/wp\/v2\/types\/page"}],"author":[{"embeddable":true,"href":"http:\/\/www.dicas-spss.com\/index.php?rest_route=\/wp\/v2\/users\/1"}],"replies":[{"embeddable":true,"href":"http:\/\/www.dicas-spss.com\/index.php?rest_route=%2Fwp%2Fv2%2Fcomments&post=34"}],"version-history":[{"count":6,"href":"http:\/\/www.dicas-spss.com\/index.php?rest_route=\/wp\/v2\/pages\/34\/revisions"}],"predecessor-version":[{"id":39,"href":"http:\/\/www.dicas-spss.com\/index.php?rest_route=\/wp\/v2\/pages\/34\/revisions\/39"}],"wp:attachment":[{"href":"http:\/\/www.dicas-spss.com\/index.php?rest_route=%2Fwp%2Fv2%2Fmedia&parent=34"}],"curies":[{"name":"wp","href":"https:\/\/api.w.org\/{rel}","templated":true}]}}